{"id":152,"date":"2026-04-13T14:57:23","date_gmt":"2026-04-13T14:57:23","guid":{"rendered":"https:\/\/phuccao.azdigi.shop\/?post_type=product&#038;p=152"},"modified":"2026-04-16T06:03:47","modified_gmt":"2026-04-16T06:03:47","slug":"long-sleeve","status":"publish","type":"product","link":"https:\/\/phuccao.azdigi.shop\/index.php\/product\/long-sleeve\/","title":{"rendered":"LONG SLEEVE JZ ver 1"},"content":{"rendered":"<div>\u00c1o T-shirt Jayzone \u0111ang tr\u1edf th\u00e0nh m\u1ed9t trong nh\u1eefng l\u1ef1a ch\u1ecdn th\u1eddi trang \u0111\u01b0\u1ee3c gi\u1edbi tr\u1ebb y\u00eau th\u00edch nh\u1edd s\u1ef1 k\u1ebft h\u1ee3p ho\u00e0n h\u1ea3o gi\u1eefa phong c\u00e1ch hi\u1ec7n \u0111\u1ea1i v\u00e0 t\u00ednh \u1ee9ng d\u1ee5ng cao. V\u1edbi thi\u1ebft k\u1ebf t\u1ed1i gi\u1ea3n nh\u01b0ng kh\u00f4ng k\u00e9m ph\u1ea7n tinh t\u1ebf, s\u1ea3n ph\u1ea9m n\u00e0y d\u1ec5 d\u00e0ng ph\u00f9 h\u1ee3p v\u1edbi nhi\u1ec1u ho\u00e0n c\u1ea3nh kh\u00e1c nhau, t\u1eeb \u0111i h\u1ecdc, \u0111i ch\u01a1i cho \u0111\u1ebfn d\u1ea1o ph\u1ed1 h\u00e0ng ng\u00e0y. \u0110\u00e2y ch\u00ednh l\u00e0 l\u00fd do khi\u1ebfn ng\u00e0y c\u00e0ng \u0111\u01b0\u1ee3c t\u00ecm ki\u1ebfm nhi\u1ec1u tr\u00ean c\u00e1c n\u1ec1n t\u1ea3ng mua s\u1eafm v\u00e0 m\u1ea1ng x\u00e3 h\u1ed9i.<\/div>\n<div><\/div>\n<div>\u0110i\u1ec3m n\u1ed5i b\u1eadt c\u1ee7a \u00e1o\u00a0 n\u1eb1m \u1edf ch\u1ea5t li\u1ec7u v\u1ea3i cao c\u1ea5p, th\u01b0\u1eddng l\u00e0 cotton 100% ho\u1eb7c cotton pha, mang l\u1ea1i c\u1ea3m gi\u00e1c m\u1ec1m m\u1ea1i, tho\u00e1ng m\u00e1t v\u00e0 th\u1ea5m h\u00fat m\u1ed3 h\u00f4i t\u1ed1t. \u0110i\u1ec1u n\u00e0y \u0111\u1eb7c bi\u1ec7t ph\u00f9 h\u1ee3p v\u1edbi kh\u00ed h\u1eadu n\u00f3ng \u1ea9m nh\u01b0 \u1edf Vi\u1ec7t Nam. Kh\u00f4ng ch\u1ec9 v\u1eady, \u00e1o c\u00f2n c\u00f3 \u0111\u1ed9 b\u1ec1n cao, \u00edt nh\u0103n v\u00e0 gi\u1eef form t\u1ed1t sau nhi\u1ec1u l\u1ea7n gi\u1eb7t, gi\u00fap ng\u01b0\u1eddi d\u00f9ng ti\u1ebft ki\u1ec7m chi ph\u00ed trong th\u1eddi gian d\u00e0i.<\/div>\n<div><\/div>\n<div>V\u1ec1 thi\u1ebft k\u1ebf, Jayzone t\u1eadp trung v\u00e0o phong c\u00e1ch tr\u1ebb trung, n\u0103ng \u0111\u1ed9ng v\u1edbi c\u00e1c form \u00e1o r\u1ed9ng r\u00e3i (oversize) ho\u1eb7c v\u1eeba v\u1eb7n (regular fit), ph\u00f9 h\u1ee3p v\u1edbi nhi\u1ec1u d\u00e1ng ng\u01b0\u1eddi. C\u00e1c h\u1ecda ti\u1ebft in tr\u00ean \u00e1o th\u01b0\u1eddng mang t\u00ednh s\u00e1ng t\u1ea1o, b\u1eaft trend ho\u1eb7c t\u1ed1i gi\u1ea3n v\u1edbi logo th\u01b0\u01a1ng hi\u1ec7u, gi\u00fap ng\u01b0\u1eddi m\u1eb7c d\u1ec5 d\u00e0ng ph\u1ed1i \u0111\u1ed3 v\u1edbi qu\u1ea7n jeans, qu\u1ea7n short hay th\u1eadm ch\u00ed l\u00e0 qu\u1ea7n t\u00e2y. \u0110\u00e2y l\u00e0 m\u1ed9t \u0111i\u1ec3m c\u1ed9ng l\u1edbn cho nh\u1eefng ai y\u00eau th\u00edch phong c\u00e1ch casual nh\u01b0ng v\u1eabn mu\u1ed1n th\u1ec3 hi\u1ec7n c\u00e1 t\u00ednh ri\u00eang.<\/div>\n<div><\/div>\n<div>Ngo\u00e0i ra, \u00e1o T-shirt Jayzone c\u00f2n \u0111\u01b0\u1ee3c \u0111\u00e1nh gi\u00e1 cao v\u1ec1 m\u1ee9c gi\u00e1 h\u1ee3p l\u00fd so v\u1edbi ch\u1ea5t l\u01b0\u1ee3ng mang l\u1ea1i. \u0110i\u1ec1u n\u00e0y khi\u1ebfn s\u1ea3n ph\u1ea9m tr\u1edf th\u00e0nh l\u1ef1a ch\u1ecdn l\u00fd t\u01b0\u1edfng cho h\u1ecdc sinh, sinh vi\u00ean v\u00e0 ng\u01b0\u1eddi tr\u1ebb \u0111ang t\u00ecm ki\u1ebfm m\u1ed9t item th\u1eddi trang \u0111\u1eb9p, b\u1ec1n v\u00e0 d\u1ec5 ph\u1ed1i.<\/div>\n<div><\/div>\n<div>T\u00f3m l\u1ea1i, n\u1ebfu b\u1ea1n \u0111ang t\u00ecm ki\u1ebfm m\u1ed9t chi\u1ebfc \u00e1o T-shirt v\u1eeba th\u1eddi trang, tho\u1ea3i m\u00e1i l\u1ea1i d\u1ec5 s\u1eed d\u1ee5ng h\u00e0ng ng\u00e0y, th\u00ec Jayzone ch\u1eafc ch\u1eafn l\u00e0 m\u1ed9t th\u01b0\u01a1ng hi\u1ec7u \u0111\u00e1ng \u0111\u1ec3 c\u00e2n nh\u1eafc. S\u1ef1 k\u1ebft h\u1ee3p gi\u1eefa ch\u1ea5t l\u01b0\u1ee3ng, thi\u1ebft k\u1ebf v\u00e0 gi\u00e1 c\u1ea3 ch\u00ednh l\u00e0 y\u1ebfu t\u1ed1 gi\u00fap \u00e1o T-shirt Jayzone chi\u1ebfm \u0111\u01b0\u1ee3c l\u00f2ng tin c\u1ee7a ng\u01b0\u1eddi ti\u00eau d\u00f9ng.<\/div>\n","protected":false},"excerpt":{"rendered":"<p>\u00c1o T-shirt Jayzone \u0111ang tr\u1edf th\u00e0nh m\u1ed9t trong nh\u1eefng l\u1ef1a ch\u1ecdn th\u1eddi trang \u0111\u01b0\u1ee3c gi\u1edbi tr\u1ebb y\u00eau th\u00edch nh\u1edd s\u1ef1 k\u1ebft h\u1ee3p ho\u00e0n h\u1ea3o gi\u1eefa phong c\u00e1ch hi\u1ec7n \u0111\u1ea1i v\u00e0 t\u00ednh \u1ee9ng d\u1ee5ng cao. V\u1edbi thi\u1ebft k\u1ebf t\u1ed1i gi\u1ea3n nh\u01b0ng kh\u00f4ng k\u00e9m ph\u1ea7n tinh t\u1ebf, s\u1ea3n ph\u1ea9m n\u00e0y d\u1ec5 d\u00e0ng ph\u00f9 h\u1ee3p v\u1edbi nhi\u1ec1u ho\u00e0n<\/p>\n","protected":false},"featured_media":202,"comment_status":"open","ping_status":"closed","template":"","meta":[],"product_brand":[],"product_cat":[29],"product_tag":[],"class_list":{"0":"post-152","1":"product","2":"type-product","3":"status-publish","4":"has-post-thumbnail","6":"product_cat-long-sleeve","8":"first","9":"instock","10":"shipping-taxable","11":"purchasable","12":"product-type-variable"},"yoast_head":"<!-- This site is optimized with the Yoast SEO plugin v27.1.1 - https:\/\/yoast.com\/product\/yoast-seo-wordpress\/ -->\n<title>LONG SLEEVE JZ ver 1 - phuccao<\/title>\n<meta name=\"description\" content=\"\u00c1o T-shirt Jayzone \u0111ang tr\u1edf th\u00e0nh m\u1ed9t trong nh\u1eefng l\u1ef1a ch\u1ecdn th\u1eddi trang \u0111\u01b0\u1ee3c gi\u1edbi tr\u1ebb y\u00eau th\u00edch nh\u1edd s\u1ef1 k\u1ebft h\u1ee3p ho\u00e0n h\u1ea3o gi\u1eefa phong c\u00e1ch hi\u1ec7n\" \/>\n<meta name=\"robots\" content=\"index, follow, max-snippet:-1, max-image-preview:large, max-video-preview:-1\" \/>\n<link rel=\"canonical\" href=\"https:\/\/phuccao.azdigi.shop\/index.php\/product\/long-sleeve\/\" \/>\n<meta property=\"og:locale\" content=\"en_US\" \/>\n<meta property=\"og:type\" content=\"article\" \/>\n<meta property=\"og:title\" content=\"LONG SLEEVE JZ ver 1 - phuccao\" \/>\n<meta property=\"og:description\" content=\"\u00c1o T-shirt Jayzone \u0111ang tr\u1edf th\u00e0nh m\u1ed9t trong nh\u1eefng l\u1ef1a ch\u1ecdn th\u1eddi trang \u0111\u01b0\u1ee3c gi\u1edbi tr\u1ebb y\u00eau th\u00edch nh\u1edd s\u1ef1 k\u1ebft h\u1ee3p ho\u00e0n h\u1ea3o gi\u1eefa phong c\u00e1ch hi\u1ec7n\" \/>\n<meta property=\"og:url\" content=\"https:\/\/phuccao.azdigi.shop\/index.php\/product\/long-sleeve\/\" \/>\n<meta property=\"og:site_name\" content=\"phuccao\" \/>\n<meta property=\"article:modified_time\" content=\"2026-04-16T06:03:47+00:00\" \/>\n<meta property=\"og:image\" content=\"https:\/\/phuccao.azdigi.shop\/wp-content\/uploads\/2026\/04\/z7724952555494_75103aa2a997fd712d638352c2b7d3d0.jpg\" \/>\n\t<meta property=\"og:image:width\" content=\"1170\" \/>\n\t<meta property=\"og:image:height\" content=\"1209\" \/>\n\t<meta property=\"og:image:type\" content=\"image\/jpeg\" \/>\n<meta name=\"twitter:card\" content=\"summary_large_image\" \/>\n<meta name=\"twitter:label1\" content=\"Est. reading time\" \/>\n\t<meta name=\"twitter:data1\" content=\"2 minutes\" \/>\n<script type=\"application\/ld+json\" class=\"yoast-schema-graph\">{\"@context\":\"https:\/\/schema.org\",\"@graph\":[{\"@type\":\"WebPage\",\"@id\":\"https:\/\/phuccao.azdigi.shop\/index.php\/product\/long-sleeve\/\",\"url\":\"https:\/\/phuccao.azdigi.shop\/index.php\/product\/long-sleeve\/\",\"name\":\"LONG SLEEVE JZ ver 1 - phuccao\",\"isPartOf\":{\"@id\":\"https:\/\/phuccao.azdigi.shop\/#website\"},\"primaryImageOfPage\":{\"@id\":\"https:\/\/phuccao.azdigi.shop\/index.php\/product\/long-sleeve\/#primaryimage\"},\"image\":{\"@id\":\"https:\/\/phuccao.azdigi.shop\/index.php\/product\/long-sleeve\/#primaryimage\"},\"thumbnailUrl\":\"https:\/\/phuccao.azdigi.shop\/wp-content\/uploads\/2026\/04\/z7724952555494_75103aa2a997fd712d638352c2b7d3d0.jpg\",\"datePublished\":\"2026-04-13T14:57:23+00:00\",\"dateModified\":\"2026-04-16T06:03:47+00:00\",\"description\":\"\u00c1o T-shirt Jayzone \u0111ang tr\u1edf th\u00e0nh m\u1ed9t trong nh\u1eefng l\u1ef1a ch\u1ecdn th\u1eddi trang \u0111\u01b0\u1ee3c gi\u1edbi tr\u1ebb y\u00eau th\u00edch nh\u1edd s\u1ef1 k\u1ebft h\u1ee3p ho\u00e0n h\u1ea3o gi\u1eefa phong c\u00e1ch hi\u1ec7n\",\"breadcrumb\":{\"@id\":\"https:\/\/phuccao.azdigi.shop\/index.php\/product\/long-sleeve\/#breadcrumb\"},\"inLanguage\":\"en-US\",\"potentialAction\":[{\"@type\":\"ReadAction\",\"target\":[\"https:\/\/phuccao.azdigi.shop\/index.php\/product\/long-sleeve\/\"]}]},{\"@type\":\"ImageObject\",\"inLanguage\":\"en-US\",\"@id\":\"https:\/\/phuccao.azdigi.shop\/index.php\/product\/long-sleeve\/#primaryimage\",\"url\":\"https:\/\/phuccao.azdigi.shop\/wp-content\/uploads\/2026\/04\/z7724952555494_75103aa2a997fd712d638352c2b7d3d0.jpg\",\"contentUrl\":\"https:\/\/phuccao.azdigi.shop\/wp-content\/uploads\/2026\/04\/z7724952555494_75103aa2a997fd712d638352c2b7d3d0.jpg\",\"width\":1170,\"height\":1209},{\"@type\":\"BreadcrumbList\",\"@id\":\"https:\/\/phuccao.azdigi.shop\/index.php\/product\/long-sleeve\/#breadcrumb\",\"itemListElement\":[{\"@type\":\"ListItem\",\"position\":1,\"name\":\"Home\",\"item\":\"https:\/\/phuccao.azdigi.shop\/\"},{\"@type\":\"ListItem\",\"position\":2,\"name\":\"Shop\",\"item\":\"https:\/\/phuccao.azdigi.shop\/index.php\/shop\/\"},{\"@type\":\"ListItem\",\"position\":3,\"name\":\"LONG SLEEVE JZ ver 1\"}]},{\"@type\":\"WebSite\",\"@id\":\"https:\/\/phuccao.azdigi.shop\/#website\",\"url\":\"https:\/\/phuccao.azdigi.shop\/\",\"name\":\"phuccao\",\"description\":\"\",\"potentialAction\":[{\"@type\":\"SearchAction\",\"target\":{\"@type\":\"EntryPoint\",\"urlTemplate\":\"https:\/\/phuccao.azdigi.shop\/?s={search_term_string}\"},\"query-input\":{\"@type\":\"PropertyValueSpecification\",\"valueRequired\":true,\"valueName\":\"search_term_string\"}}],\"inLanguage\":\"en-US\"}]}<\/script>\n<!-- \/ Yoast SEO plugin. -->","yoast_head_json":{"title":"LONG SLEEVE JZ ver 1 - phuccao","description":"\u00c1o T-shirt Jayzone \u0111ang tr\u1edf th\u00e0nh m\u1ed9t trong nh\u1eefng l\u1ef1a ch\u1ecdn th\u1eddi trang \u0111\u01b0\u1ee3c gi\u1edbi tr\u1ebb y\u00eau th\u00edch nh\u1edd s\u1ef1 k\u1ebft h\u1ee3p ho\u00e0n h\u1ea3o gi\u1eefa phong c\u00e1ch hi\u1ec7n","robots":{"index":"index","follow":"follow","max-snippet":"max-snippet:-1","max-image-preview":"max-image-preview:large","max-video-preview":"max-video-preview:-1"},"canonical":"https:\/\/phuccao.azdigi.shop\/index.php\/product\/long-sleeve\/","og_locale":"en_US","og_type":"article","og_title":"LONG SLEEVE JZ ver 1 - phuccao","og_description":"\u00c1o T-shirt Jayzone \u0111ang tr\u1edf th\u00e0nh m\u1ed9t trong nh\u1eefng l\u1ef1a ch\u1ecdn th\u1eddi trang \u0111\u01b0\u1ee3c gi\u1edbi tr\u1ebb y\u00eau th\u00edch nh\u1edd s\u1ef1 k\u1ebft h\u1ee3p ho\u00e0n h\u1ea3o gi\u1eefa phong c\u00e1ch hi\u1ec7n","og_url":"https:\/\/phuccao.azdigi.shop\/index.php\/product\/long-sleeve\/","og_site_name":"phuccao","article_modified_time":"2026-04-16T06:03:47+00:00","og_image":[{"width":1170,"height":1209,"url":"https:\/\/phuccao.azdigi.shop\/wp-content\/uploads\/2026\/04\/z7724952555494_75103aa2a997fd712d638352c2b7d3d0.jpg","type":"image\/jpeg"}],"twitter_card":"summary_large_image","twitter_misc":{"Est. reading time":"2 minutes"},"schema":{"@context":"https:\/\/schema.org","@graph":[{"@type":"WebPage","@id":"https:\/\/phuccao.azdigi.shop\/index.php\/product\/long-sleeve\/","url":"https:\/\/phuccao.azdigi.shop\/index.php\/product\/long-sleeve\/","name":"LONG SLEEVE JZ ver 1 - phuccao","isPartOf":{"@id":"https:\/\/phuccao.azdigi.shop\/#website"},"primaryImageOfPage":{"@id":"https:\/\/phuccao.azdigi.shop\/index.php\/product\/long-sleeve\/#primaryimage"},"image":{"@id":"https:\/\/phuccao.azdigi.shop\/index.php\/product\/long-sleeve\/#primaryimage"},"thumbnailUrl":"https:\/\/phuccao.azdigi.shop\/wp-content\/uploads\/2026\/04\/z7724952555494_75103aa2a997fd712d638352c2b7d3d0.jpg","datePublished":"2026-04-13T14:57:23+00:00","dateModified":"2026-04-16T06:03:47+00:00","description":"\u00c1o T-shirt Jayzone \u0111ang tr\u1edf th\u00e0nh m\u1ed9t trong nh\u1eefng l\u1ef1a ch\u1ecdn th\u1eddi trang \u0111\u01b0\u1ee3c gi\u1edbi tr\u1ebb y\u00eau th\u00edch nh\u1edd s\u1ef1 k\u1ebft h\u1ee3p ho\u00e0n h\u1ea3o gi\u1eefa phong c\u00e1ch hi\u1ec7n","breadcrumb":{"@id":"https:\/\/phuccao.azdigi.shop\/index.php\/product\/long-sleeve\/#breadcrumb"},"inLanguage":"en-US","potentialAction":[{"@type":"ReadAction","target":["https:\/\/phuccao.azdigi.shop\/index.php\/product\/long-sleeve\/"]}]},{"@type":"ImageObject","inLanguage":"en-US","@id":"https:\/\/phuccao.azdigi.shop\/index.php\/product\/long-sleeve\/#primaryimage","url":"https:\/\/phuccao.azdigi.shop\/wp-content\/uploads\/2026\/04\/z7724952555494_75103aa2a997fd712d638352c2b7d3d0.jpg","contentUrl":"https:\/\/phuccao.azdigi.shop\/wp-content\/uploads\/2026\/04\/z7724952555494_75103aa2a997fd712d638352c2b7d3d0.jpg","width":1170,"height":1209},{"@type":"BreadcrumbList","@id":"https:\/\/phuccao.azdigi.shop\/index.php\/product\/long-sleeve\/#breadcrumb","itemListElement":[{"@type":"ListItem","position":1,"name":"Home","item":"https:\/\/phuccao.azdigi.shop\/"},{"@type":"ListItem","position":2,"name":"Shop","item":"https:\/\/phuccao.azdigi.shop\/index.php\/shop\/"},{"@type":"ListItem","position":3,"name":"LONG SLEEVE JZ ver 1"}]},{"@type":"WebSite","@id":"https:\/\/phuccao.azdigi.shop\/#website","url":"https:\/\/phuccao.azdigi.shop\/","name":"phuccao","description":"","potentialAction":[{"@type":"SearchAction","target":{"@type":"EntryPoint","urlTemplate":"https:\/\/phuccao.azdigi.shop\/?s={search_term_string}"},"query-input":{"@type":"PropertyValueSpecification","valueRequired":true,"valueName":"search_term_string"}}],"inLanguage":"en-US"}]}},"_links":{"self":[{"href":"https:\/\/phuccao.azdigi.shop\/index.php\/wp-json\/wp\/v2\/product\/152","targetHints":{"allow":["GET"]}}],"collection":[{"href":"https:\/\/phuccao.azdigi.shop\/index.php\/wp-json\/wp\/v2\/product"}],"about":[{"href":"https:\/\/phuccao.azdigi.shop\/index.php\/wp-json\/wp\/v2\/types\/product"}],"replies":[{"embeddable":true,"href":"https:\/\/phuccao.azdigi.shop\/index.php\/wp-json\/wp\/v2\/comments?post=152"}],"wp:featuredmedia":[{"embeddable":true,"href":"https:\/\/phuccao.azdigi.shop\/index.php\/wp-json\/wp\/v2\/media\/202"}],"wp:attachment":[{"href":"https:\/\/phuccao.azdigi.shop\/index.php\/wp-json\/wp\/v2\/media?parent=152"}],"wp:term":[{"taxonomy":"product_brand","embeddable":true,"href":"https:\/\/phuccao.azdigi.shop\/index.php\/wp-json\/wp\/v2\/product_brand?post=152"},{"taxonomy":"product_cat","embeddable":true,"href":"https:\/\/phuccao.azdigi.shop\/index.php\/wp-json\/wp\/v2\/product_cat?post=152"},{"taxonomy":"product_tag","embeddable":true,"href":"https:\/\/phuccao.azdigi.shop\/index.php\/wp-json\/wp\/v2\/product_tag?post=152"}],"curies":[{"name":"wp","href":"https:\/\/api.w.org\/{rel}","templated":true}]}}